{"id":116,"date":"2014-04-07T17:15:37","date_gmt":"2014-04-07T17:15:37","guid":{"rendered":"https:\/\/amandagutierrez.net\/eng\/?page_id=5"},"modified":"2022-02-09T15:34:48","modified_gmt":"2022-02-09T15:34:48","slug":"bio-statement","status":"publish","type":"page","link":"https:\/\/amandagutierrez.net\/esp\/bio-statement\/","title":{"rendered":"Bio-Statement"},"content":{"rendered":"<p><strong>Biograf\u00eda<\/strong><\/p>\n<p class=\"p1\">Nace en la Ciudad de M\u00e9xico en el a\u00f1o de 1978. Concluy\u00f3 sus estudios de &nbsp;Maestr\u00eda en <i>The School of the Art Institute of Chicago<\/i>, con la especialidad en Performance y nuevos medios. En M\u00e9xico realiz\u00f3 sus estudios de licenciatura en Dise\u00f1o de Escenograf\u00eda, en la Escuela Nacional de Arte Teatral del INBA. Instituci\u00f3n de la cual se titul\u00f3 con menci\u00f3n honor\u00edfica, por su investigaci\u00f3n: <i>\u201cEl desarrollo de los medios electr\u00f3nicos en las Artes Esc\u00e9nicas del Siglo XX\u201d<\/i>.<\/p>\n<p><span style=\"font-weight: 400;\">Amanda Guti\u00e9rrez es parte de la mesa directiva del World Listening Project (Proyecto Global del Escucha) y del comit\u00e9 organizador de la Red de Ecolog\u00eda Ac\u00fastica M\u00e9xico (REA), organizaciones que incentivan las pr\u00e1cticas aurales y de la ecolog\u00eda ac\u00fastica, \u00e1rea a la que dedica sus estudios de doctorado en la Universidad de Concordia en Montreal en Canad\u00e1 y como parte del equipo de investigaci\u00f3n del Laboratorio del Escucha en esa misma sede.&nbsp; Su trabajo de caminatas en realidad virtual \u201cFlaneuse&gt;La Caminanta\u201d, ha sido presentado en el a\u00f1o 2019, en el Segundo Coloquio Internacional de Arte e Inmersividad a celebrarse en la Fonoteca Nacional de M\u00e9xico, en el festival Folly Systems en el teatro Roulette Intermedium, en la exposici\u00f3n colectiva Female Migrations en la galer\u00eda La Nacional, The International Electronic Art Festival de Harvestworks, en la ciudad de Nueva York, el 6to Congreso Peatonal en Morelia Michoac\u00e1n, M\u00e9xico, y en la conferencia RE:SOUND, the 8th International Conference for Histories of Media Arts 2019 en Dinamarca. <\/span><\/p>\n<p class=\"p1\">En el a\u00f1o 2011 &nbsp;concluy\u00f3 la serie denominada: <i>Breve historias de ficciones<\/i>, conformada por cuatro proyectos, realizados bajo la misma metodolog\u00eda y estrategias de trabajo, provenientes del documental y performance. Esta serie a ganado dos reconocimientos: The Fellowship Competition 2007 y CAAP 2008 (Community Arts Assistance Program), y fue seleccionada como artista finalista para recibir el premio nacional de arte <i>Artadia Chicago 2009<\/i>.<\/p>\n<p class=\"p1\">A lo largo de su carrera ha obtenido diversas residencias art\u00edsticas. La primera fue otorgada con el proyecto <i>\u201cSolaris\u201d<\/i>, realizado en el CMM (Centro Multimedia en la Ciudad de M\u00e9xico). Posteriormente realiz\u00f3 el proyecto de \u201c<i>Radial\u201d<\/i>, desarrollado durante una residencia art\u00edstica de dos meses &nbsp;en ZKM (Zentrum f\u00fcr Kunst und Medientechnologie) Alemania; este proyecto &nbsp;es presentado en el <i>Festival Sound and Image<\/i> en la ciudad de M\u00e9xico y <i>Version&gt;04 Invisible Networks<\/i>, en Chicago, Illinois. En la ciudad de Chicago le fue otorgada la residencia<i> Incubate<\/i>, del Centro Cultural de Chicago, con una estancia de seis meses, desarrollando la pieza: <i>The Comming Out Stage<\/i>, presentada en el festival de performance y nuevos medios In&gt;Time, en la ciudad de Chicago. En el a\u00f1o 2009 fue seleccionada por Artist Village in Taipei, Taiw\u00e1n y por el Programa de Residencias Art\u00edsticas 2009 FONCA-BANFF Centre, el \u00e1rea de nuevos medios Residencias en las cu\u00e1les desarrollo el proyecto<i>: \u201cRastreando memoria\u201d. <\/i>En el a\u00f1o 2012 obtiene la beca y premio EMAN\u00ad-EMARE, realizando una residencia en FACT Liverpool.<\/p>\n<p class=\"p1\">En 2011 desarrolla la trilog\u00eda de video \u201cTopograf\u00edas del Tiempo\u201d, misma que fu\u00e9 apoyada por el Programa de Fomento y Conversiones Culturales 2011 del FONCA. Esta serie ha sido expuesta en museos,de arte contempor\u00e1neo a nivel internacional, como son: Galer\u00eda The Windor en Madrid, Espa\u00f1a, Khiasma Gallery en Par\u00eds, Francia, Move Forward Festival en Halle, Alemania, Art Biennale Liverpool 2012, en el Reino Unido, Ex Teresa Arte Actual en D.F, M\u00e9xico y Action Art Actuelle en Montreal, Canada.<\/p>\n<p><span style=\"font-weight: 400;\">Recientemente, Guti\u00e9rrez se ha centrado especialmente en el papel del sonido en la experiencia cotidiana, recurriendo a m\u00e9todos de estudios urbanos y ecolog\u00eda ac\u00fastica. Mediante el uso regular de t\u00e9cnicas participativas, como la caminata sonora y la deriva (<\/span><i><span style=\"font-weight: 400;\">deriva<\/span><\/i><span style=\"font-weight: 400;\">), implementa su visi\u00f3n de la pr\u00e1ctica art\u00edstica. Guti\u00e9rrez ha desarrollado a lo largo de una d\u00e9cada de ense\u00f1anza en diversos entornos que van desde escuelas secundarias en el lado sur de Chicago hasta un centro para personas de la tercera edad en el Upper West Side de Nueva York, incluidas instituciones acad\u00e9micas como el SAIC, Connecticut College y Columbia University. Guti\u00e9rrez ha realizado numerosas residencias art\u00edsticas en FACT Liverpool en el Reino Unido, ZKM en Alemania, TAV en Taiw\u00e1n, Bolit Art Center en Espa\u00f1a, y su trabajo ha sido exhibido internacionalmente en lugares como The Liverpool Biennial en 2012, Lower Manhattan Cultural Council.&nbsp;<\/span><\/p>\n<p class=\"p2\">\n","protected":false},"excerpt":{"rendered":"<p>Biograf\u00eda Nace en la Ciudad de M\u00e9xico en el a\u00f1o de 1978. Concluy\u00f3 sus estudios de &nbsp;Maestr\u00eda en The School of the Art Institute of Chicago, con la especialidad en Performance y nuevos medios. En [&hellip;]<\/p>\n","protected":false},"author":1,"featured_media":0,"parent":0,"menu_order":0,"comment_status":"open","ping_status":"open","template":"template-full-width.php","meta":{"footnotes":""},"class_list":["post-116","page","type-page","status-publish","hentry"],"_links":{"self":[{"href":"https:\/\/amandagutierrez.net\/esp\/wp-json\/wp\/v2\/pages\/116","targetHints":{"allow":["GET"]}}],"collection":[{"href":"https:\/\/amandagutierrez.net\/esp\/wp-json\/wp\/v2\/pages"}],"about":[{"href":"https:\/\/amandagutierrez.net\/esp\/wp-json\/wp\/v2\/types\/page"}],"author":[{"embeddable":true,"href":"https:\/\/amandagutierrez.net\/esp\/wp-json\/wp\/v2\/users\/1"}],"replies":[{"embeddable":true,"href":"https:\/\/amandagutierrez.net\/esp\/wp-json\/wp\/v2\/comments?post=116"}],"version-history":[{"count":7,"href":"https:\/\/amandagutierrez.net\/esp\/wp-json\/wp\/v2\/pages\/116\/revisions"}],"predecessor-version":[{"id":394,"href":"https:\/\/amandagutierrez.net\/esp\/wp-json\/wp\/v2\/pages\/116\/revisions\/394"}],"wp:attachment":[{"href":"https:\/\/amandagutierrez.net\/esp\/wp-json\/wp\/v2\/media?parent=116"}],"curies":[{"name":"wp","href":"https:\/\/api.w.org\/{rel}","templated":true}]}}